{"id":2483,"date":"2021-02-23T10:50:31","date_gmt":"2021-02-23T10:50:31","guid":{"rendered":"http:\/\/demowp.idm.net.lb\/porktec\/?page_id=2483"},"modified":"2024-09-18T10:19:35","modified_gmt":"2024-09-18T10:19:35","slug":"carriere","status":"publish","type":"page","link":"https:\/\/porktec.net\/fr\/carriere\/","title":{"rendered":"Carri\u00e8re"},"content":{"rendered":"\t\t<div data-elementor-type=\"wp-page\" data-elementor-id=\"2483\" class=\"elementor elementor-2483\">\n\t\t\t\t\t\t<section class=\"elementor-section elementor-top-section elementor-element elementor-element-b80edf4 elementor-section-boxed elementor-section-height-default elementor-section-height-default\" data-id=\"b80edf4\" data-element_type=\"section\" data-settings=\"{&quot;background_background&quot;:&quot;classic&quot;}\">\n\t\t\t\t\t\t\t<div class=\"elementor-background-overlay\"><\/div>\n\t\t\t\t\t\t\t<div class=\"elementor-container elementor-column-gap-default\">\n\t\t\t\t\t<div class=\"elementor-column elementor-col-100 elementor-top-column elementor-element elementor-element-8a23a56\" data-id=\"8a23a56\" data-element_type=\"column\">\n\t\t\t<div class=\"elementor-widget-wrap elementor-element-populated\">\n\t\t\t\t\t\t\t<\/div>\n\t\t<\/div>\n\t\t\t\t\t<\/div>\n\t\t<\/section>\n\t\t\t\t<section class=\"elementor-section elementor-top-section elementor-element elementor-element-ef35b30 elementor-section-full_width elementor-section-height-default elementor-section-height-default\" data-id=\"ef35b30\" data-element_type=\"section\" data-settings=\"{&quot;background_background&quot;:&quot;classic&quot;}\">\n\t\t\t\t\t\t\t<div class=\"elementor-background-overlay\"><\/div>\n\t\t\t\t\t\t\t<div class=\"elementor-container elementor-column-gap-default\">\n\t\t\t\t\t<div class=\"elementor-column elementor-col-100 elementor-top-column elementor-element elementor-element-ad098dc\" data-id=\"ad098dc\" data-element_type=\"column\">\n\t\t\t<div class=\"elementor-widget-wrap elementor-element-populated\">\n\t\t\t\t\t\t<section class=\"elementor-section elementor-inner-section elementor-element elementor-element-d9544f3 elementor-section-boxed elementor-section-height-default elementor-section-height-default\" data-id=\"d9544f3\" data-element_type=\"section\">\n\t\t\t\t\t\t<div class=\"elementor-container elementor-column-gap-default\">\n\t\t\t\t\t<div class=\"elementor-column elementor-col-33 elementor-inner-column elementor-element elementor-element-874afde\" data-id=\"874afde\" data-element_type=\"column\">\n\t\t\t<div class=\"elementor-widget-wrap elementor-element-populated\">\n\t\t\t\t\t\t<div class=\"elementor-element elementor-element-63319f6 elementor-widget elementor-widget-heading\" data-id=\"63319f6\" data-element_type=\"widget\" data-widget_type=\"heading.default\">\n\t\t\t\t<div class=\"elementor-widget-container\">\n\t\t\t<h1 class=\"elementor-heading-title elementor-size-default\">Rejoignez-nous<\/h1>\t\t<\/div>\n\t\t\t\t<\/div>\n\t\t\t\t\t<\/div>\n\t\t<\/div>\n\t\t\t\t<div class=\"elementor-column elementor-col-66 elementor-inner-column elementor-element elementor-element-553b52c\" data-id=\"553b52c\" data-element_type=\"column\">\n\t\t\t<div class=\"elementor-widget-wrap elementor-element-populated\">\n\t\t\t\t\t\t<div class=\"elementor-element elementor-element-56e0ccc elementor-widget elementor-widget-text-editor\" data-id=\"56e0ccc\" data-element_type=\"widget\" data-widget_type=\"text-editor.default\">\n\t\t\t\t<div class=\"elementor-widget-container\">\n\t\t\t\t\t\t\t<p>L&rsquo;\u00e9l\u00e9ment cl\u00e9 du succ\u00e8s de PORKTEC est une \u00e9quipe hautement motiv\u00e9e, des personnes talentueuses et innovantes.<\/p><p>Comme nous sommes en croissance continue, nous sommes toujours \u00e0 la recherche de personnes qui partagent notre passion et nos projets d&rsquo;avenir ax\u00e9s sur le succ\u00e8s.<\/p><p>\u00c0 PORKTEC, vous aurez des opportunit\u00e9s d&rsquo;apprentissage, un environnement de travail et une croissance professionnelle. Des employ\u00e9s satisfaits sont la cl\u00e9 d&rsquo;un emploi \u00e0 long terme, d&rsquo;une relation client \u00e9troite et d&rsquo;une entreprise prosp\u00e8re.<\/p>\t\t\t\t\t\t<\/div>\n\t\t\t\t<\/div>\n\t\t\t\t\t<\/div>\n\t\t<\/div>\n\t\t\t\t\t<\/div>\n\t\t<\/section>\n\t\t\t\t\t<\/div>\n\t\t<\/div>\n\t\t\t\t\t<\/div>\n\t\t<\/section>\n\t\t\t\t<section class=\"elementor-section elementor-top-section elementor-element elementor-element-39ced5a elementor-section-boxed elementor-section-height-default elementor-section-height-default\" data-id=\"39ced5a\" data-element_type=\"section\" data-settings=\"{&quot;background_background&quot;:&quot;classic&quot;}\">\n\t\t\t\t\t\t\t<div class=\"elementor-background-overlay\"><\/div>\n\t\t\t\t\t\t\t<div class=\"elementor-container elementor-column-gap-default\">\n\t\t\t\t\t<div class=\"elementor-column elementor-col-100 elementor-top-column elementor-element elementor-element-0b857dc\" data-id=\"0b857dc\" data-element_type=\"column\">\n\t\t\t<div class=\"elementor-widget-wrap elementor-element-populated\">\n\t\t\t\t\t\t<section class=\"elementor-section elementor-inner-section elementor-element elementor-element-9ee0f1a elementor-section-boxed elementor-section-height-default elementor-section-height-default\" data-id=\"9ee0f1a\" data-element_type=\"section\">\n\t\t\t\t\t\t<div class=\"elementor-container elementor-column-gap-default\">\n\t\t\t\t\t<div class=\"elementor-column elementor-col-50 elementor-inner-column elementor-element elementor-element-fce8c24\" data-id=\"fce8c24\" data-element_type=\"column\" data-settings=\"{&quot;background_background&quot;:&quot;classic&quot;}\">\n\t\t\t<div class=\"elementor-widget-wrap elementor-element-populated\">\n\t\t\t\t\t\t<div class=\"elementor-element elementor-element-10249ae elementor-widget elementor-widget-heading\" data-id=\"10249ae\" data-element_type=\"widget\" data-widget_type=\"heading.default\">\n\t\t\t\t<div class=\"elementor-widget-container\">\n\t\t\t<h3 class=\"elementor-heading-title elementor-size-default\">T\u00e9l\u00e9charger votre CV<\/h3>\t\t<\/div>\n\t\t\t\t<\/div>\n\t\t\t\t<div class=\"elementor-element elementor-element-fc0bc36 elementor-button-align-stretch elementor-widget elementor-widget-form\" data-id=\"fc0bc36\" data-element_type=\"widget\" data-settings=\"{&quot;step_next_label&quot;:&quot;Next&quot;,&quot;step_previous_label&quot;:&quot;Previous&quot;,&quot;button_width&quot;:&quot;100&quot;,&quot;step_type&quot;:&quot;number_text&quot;,&quot;step_icon_shape&quot;:&quot;circle&quot;}\" data-widget_type=\"form.default\">\n\t\t\t\t<div class=\"elementor-widget-container\">\n\t\t\t\t\t<form class=\"elementor-form\" method=\"post\" id=\"career\" name=\"New Form\">\n\t\t\t<input type=\"hidden\" name=\"post_id\" value=\"2483\"\/>\n\t\t\t<input type=\"hidden\" name=\"form_id\" value=\"fc0bc36\"\/>\n\t\t\t<input type=\"hidden\" name=\"referer_title\" value=\"Porktec\" \/>\n\n\t\t\t\n\t\t\t<div class=\"elementor-form-fields-wrapper elementor-labels-\">\n\t\t\t\t\t\t\t\t<div class=\"elementor-field-type-text elementor-field-group elementor-column elementor-field-group-name elementor-col-50\">\n\t\t\t\t\t\t\t\t\t\t\t\t<label for=\"form-field-name\" class=\"elementor-field-label elementor-screen-only\">\n\t\t\t\t\t\t\t\tNom complet\t\t\t\t\t\t\t<\/label>\n\t\t\t\t\t\t\t\t\t\t\t\t\t\t<input size=\"1\" type=\"text\" name=\"form_fields[name]\" id=\"form-field-name\" class=\"elementor-field elementor-size-md  elementor-field-textual\" placeholder=\"Nom complet\">\n\t\t\t\t\t\t\t\t\t\t\t<\/div>\n\t\t\t\t\t\t\t\t<div class=\"elementor-field-type-email elementor-field-group elementor-column elementor-field-group-email elementor-col-50 elementor-field-required\">\n\t\t\t\t\t\t\t\t\t\t\t\t<label for=\"form-field-email\" class=\"elementor-field-label elementor-screen-only\">\n\t\t\t\t\t\t\t\tAdresse e-mail\t\t\t\t\t\t\t<\/label>\n\t\t\t\t\t\t\t\t\t\t\t\t\t\t<input size=\"1\" type=\"email\" name=\"form_fields[email]\" id=\"form-field-email\" class=\"elementor-field elementor-size-md  elementor-field-textual\" placeholder=\"Adresse e-mail\" required=\"required\" aria-required=\"true\">\n\t\t\t\t\t\t\t\t\t\t\t<\/div>\n\t\t\t\t\t\t\t\t<div class=\"elementor-field-type-textarea elementor-field-group elementor-column elementor-field-group-message elementor-col-100\">\n\t\t\t\t\t\t\t\t\t\t\t\t<label for=\"form-field-message\" class=\"elementor-field-label elementor-screen-only\">\n\t\t\t\t\t\t\t\tMessage\t\t\t\t\t\t\t<\/label>\n\t\t\t\t\t\t<textarea class=\"elementor-field-textual elementor-field  elementor-size-md\" name=\"form_fields[message]\" id=\"form-field-message\" rows=\"7\" placeholder=\"Message\"><\/textarea>\t\t\t\t<\/div>\n\t\t\t\t\t\t\t\t<div class=\"elementor-field-type-upload elementor-field-group elementor-column elementor-field-group-field_7493e56 elementor-col-100\">\n\t\t\t\t\t\t\t\t\t\t\t\t<label for=\"form-field-field_7493e56\" class=\"elementor-field-label elementor-screen-only\">\n\t\t\t\t\t\t\t\tImportant: docx & PDF formats are allowed\t\t\t\t\t\t\t<\/label>\n\t\t\t\t\t\t\t\t<input type=\"file\" name=\"form_fields[field_7493e56]\" id=\"form-field-field_7493e56\" class=\"elementor-field elementor-size-md  elementor-upload-field\" data-maxsize=\"10\" data-maxsize-message=\"This file exceeds the maximum allowed size.\">\n\n\t\t\t\t\t\t<\/div>\n\t\t\t\t\t\t\t\t<div class=\"elementor-field-type-recaptcha_v3 elementor-field-group elementor-column elementor-field-group-field_be01588 elementor-col-100 recaptcha_v3-bottomright\">\n\t\t\t\t\t<div class=\"elementor-field\" id=\"form-field-field_be01588\"><div class=\"elementor-g-recaptcha\" data-sitekey=\"6LdE_kcqAAAAAAc0nokNkbUZOj2iu5pDbzYJos04\" data-type=\"v3\" data-action=\"Form\" data-badge=\"bottomright\" data-size=\"invisible\"><\/div><\/div>\t\t\t\t<\/div>\n\t\t\t\t\t\t\t\t<div class=\"elementor-field-group elementor-column elementor-field-type-submit elementor-col-100 e-form__buttons\">\n\t\t\t\t\t<button type=\"submit\" class=\"elementor-button elementor-size-md\">\n\t\t\t\t\t\t<span >\n\t\t\t\t\t\t\t\t\t\t\t\t\t\t\t<span class=\" elementor-button-icon\">\n\t\t\t\t\t\t\t\t\t\t\t\t\t\t\t\t\t\t\t\t\t\t\t\t\t\t<\/span>\n\t\t\t\t\t\t\t\t\t\t\t\t\t\t\t\t\t\t\t\t\t\t<span class=\"elementor-button-text\">Soumettre<\/span>\n\t\t\t\t\t\t\t\t\t\t\t\t\t<\/span>\n\t\t\t\t\t<\/button>\n\t\t\t\t<\/div>\n\t\t\t<\/div>\n\t\t<\/form>\n\t\t\t\t<\/div>\n\t\t\t\t<\/div>\n\t\t\t\t\t<\/div>\n\t\t<\/div>\n\t\t\t\t<div class=\"elementor-column elementor-col-50 elementor-inner-column elementor-element elementor-element-ee9b4e9\" data-id=\"ee9b4e9\" data-element_type=\"column\" data-settings=\"{&quot;background_background&quot;:&quot;classic&quot;}\">\n\t\t\t<div class=\"elementor-widget-wrap elementor-element-populated\">\n\t\t\t\t\t\t<div class=\"elementor-element elementor-element-4363c78 elementor-widget elementor-widget-spacer\" data-id=\"4363c78\" data-element_type=\"widget\" data-widget_type=\"spacer.default\">\n\t\t\t\t<div class=\"elementor-widget-container\">\n\t\t\t\t\t<div class=\"elementor-spacer\">\n\t\t\t<div class=\"elementor-spacer-inner\"><\/div>\n\t\t<\/div>\n\t\t\t\t<\/div>\n\t\t\t\t<\/div>\n\t\t\t\t\t<\/div>\n\t\t<\/div>\n\t\t\t\t\t<\/div>\n\t\t<\/section>\n\t\t\t\t\t<\/div>\n\t\t<\/div>\n\t\t\t\t\t<\/div>\n\t\t<\/section>\n\t\t\t\t<\/div>\n\t\t","protected":false},"excerpt":{"rendered":"<p>Rejoignez-nous L&rsquo;\u00e9l\u00e9ment cl\u00e9 du succ\u00e8s de PORKTEC est une \u00e9quipe hautement motiv\u00e9e, des personnes talentueuses et innovantes. Comme nous sommes en croissance continue, nous sommes toujours \u00e0 la recherche de personnes qui partagent notre passion et nos projets d&rsquo;avenir ax\u00e9s sur le succ\u00e8s. \u00c0 PORKTEC, vous aurez des opportunit\u00e9s d&rsquo;apprentissage, un environnement de travail et [&hellip;]<\/p>\n","protected":false},"author":34,"featured_media":0,"parent":0,"menu_order":0,"comment_status":"closed","ping_status":"closed","template":"","meta":{"site-sidebar-layout":"no-sidebar","site-content-layout":"page-builder","ast-site-content-layout":"","site-content-style":"default","site-sidebar-style":"default","ast-global-header-display":"","ast-banner-title-visibility":"","ast-main-header-display":"","ast-hfb-above-header-display":"","ast-hfb-below-header-display":"","ast-hfb-mobile-header-display":"","site-post-title":"disabled","ast-breadcrumbs-content":"","ast-featured-img":"disabled","footer-sml-layout":"","theme-transparent-header-meta":"default","adv-header-id-meta":"","stick-header-meta":"","header-above-stick-meta":"","header-main-stick-meta":"","header-below-stick-meta":"","astra-migrate-meta-layouts":"default","ast-page-background-enabled":"default","ast-page-background-meta":{"desktop":{"background-color":"","background-image":"","background-repeat":"repeat","background-position":"center center","background-size":"auto","background-attachment":"scroll","background-type":"","background-media":"","overlay-type":"","overlay-color":"","overlay-opacity":"","overlay-gradient":""},"tablet":{"background-color":"","background-image":"","background-repeat":"repeat","background-position":"center center","background-size":"auto","background-attachment":"scroll","background-type":"","background-media":"","overlay-type":"","overlay-color":"","overlay-opacity":"","overlay-gradient":""},"mobile":{"background-color":"","background-image":"","background-repeat":"repeat","background-position":"center center","background-size":"auto","background-attachment":"scroll","background-type":"","background-media":"","overlay-type":"","overlay-color":"","overlay-opacity":"","overlay-gradient":""}},"ast-content-background-meta":{"desktop":{"background-color":"var(--ast-global-color-5)","background-image":"","background-repeat":"repeat","background-position":"center center","background-size":"auto","background-attachment":"scroll","background-type":"","background-media":"","overlay-type":"","overlay-color":"","overlay-opacity":"","overlay-gradient":""},"tablet":{"background-color":"var(--ast-global-color-5)","background-image":"","background-repeat":"repeat","background-position":"center center","background-size":"auto","background-attachment":"scroll","background-type":"","background-media":"","overlay-type":"","overlay-color":"","overlay-opacity":"","overlay-gradient":""},"mobile":{"background-color":"var(--ast-global-color-5)","background-image":"","background-repeat":"repeat","background-position":"center center","background-size":"auto","background-attachment":"scroll","background-type":"","background-media":"","overlay-type":"","overlay-color":"","overlay-opacity":"","overlay-gradient":""}},"footnotes":""},"class_list":["post-2483","page","type-page","status-publish","hentry"],"yoast_head":"<!-- This site is optimized with the Yoast SEO plugin v23.4 - https:\/\/yoast.com\/wordpress\/plugins\/seo\/ -->\n<title>Carri\u00e8re - Porktec<\/title>\n<meta name=\"description\" content=\"L\u2019\u00e9l\u00e9ment cl\u00e9 du succ\u00e8s de PORKTEC est une \u00e9quipe hautement motiv\u00e9e, des personnes talentueuses et innovantes.\" \/>\n<meta name=\"robots\" content=\"index, follow, max-snippet:-1, max-image-preview:large, max-video-preview:-1\" \/>\n<link rel=\"canonical\" href=\"https:\/\/porktec.net\/fr\/carriere\/\" \/>\n<meta property=\"og:locale\" content=\"fr_FR\" \/>\n<meta property=\"og:type\" content=\"article\" \/>\n<meta property=\"og:title\" content=\"Carri\u00e8re - Porktec\" \/>\n<meta property=\"og:description\" content=\"L\u2019\u00e9l\u00e9ment cl\u00e9 du succ\u00e8s de PORKTEC est une \u00e9quipe hautement motiv\u00e9e, des personnes talentueuses et innovantes.\" \/>\n<meta property=\"og:url\" content=\"https:\/\/porktec.net\/fr\/carriere\/\" \/>\n<meta property=\"og:site_name\" content=\"Porktec\" \/>\n<meta property=\"article:modified_time\" content=\"2024-09-18T10:19:35+00:00\" \/>\n<meta name=\"twitter:card\" content=\"summary_large_image\" \/>\n<meta name=\"twitter:label1\" content=\"Dur\u00e9e de lecture estim\u00e9e\" \/>\n\t<meta name=\"twitter:data1\" content=\"1 minute\" \/>\n<script type=\"application\/ld+json\" class=\"yoast-schema-graph\">{\"@context\":\"https:\/\/schema.org\",\"@graph\":[{\"@type\":\"WebPage\",\"@id\":\"https:\/\/porktec.net\/fr\/carriere\/\",\"url\":\"https:\/\/porktec.net\/fr\/carriere\/\",\"name\":\"Carri\u00e8re - Porktec\",\"isPartOf\":{\"@id\":\"https:\/\/porktec.net\/#website\"},\"datePublished\":\"2021-02-23T10:50:31+00:00\",\"dateModified\":\"2024-09-18T10:19:35+00:00\",\"description\":\"L\u2019\u00e9l\u00e9ment cl\u00e9 du succ\u00e8s de PORKTEC est une \u00e9quipe hautement motiv\u00e9e, des personnes talentueuses et innovantes.\",\"breadcrumb\":{\"@id\":\"https:\/\/porktec.net\/fr\/carriere\/#breadcrumb\"},\"inLanguage\":\"fr-FR\",\"potentialAction\":[{\"@type\":\"ReadAction\",\"target\":[\"https:\/\/porktec.net\/fr\/carriere\/\"]}]},{\"@type\":\"BreadcrumbList\",\"@id\":\"https:\/\/porktec.net\/fr\/carriere\/#breadcrumb\",\"itemListElement\":[{\"@type\":\"ListItem\",\"position\":1,\"name\":\"Home\",\"item\":\"https:\/\/porktec.net\/fr\/\"},{\"@type\":\"ListItem\",\"position\":2,\"name\":\"Carri\u00e8re\"}]},{\"@type\":\"WebSite\",\"@id\":\"https:\/\/porktec.net\/#website\",\"url\":\"https:\/\/porktec.net\/\",\"name\":\"Porktec\",\"description\":\"The Pig Technology\",\"publisher\":{\"@id\":\"https:\/\/porktec.net\/#organization\"},\"potentialAction\":[{\"@type\":\"SearchAction\",\"target\":{\"@type\":\"EntryPoint\",\"urlTemplate\":\"https:\/\/porktec.net\/?s={search_term_string}\"},\"query-input\":{\"@type\":\"PropertyValueSpecification\",\"valueRequired\":true,\"valueName\":\"search_term_string\"}}],\"inLanguage\":\"fr-FR\"},{\"@type\":\"Organization\",\"@id\":\"https:\/\/porktec.net\/#organization\",\"name\":\"Porktec\",\"url\":\"https:\/\/porktec.net\/\",\"logo\":{\"@type\":\"ImageObject\",\"inLanguage\":\"fr-FR\",\"@id\":\"https:\/\/porktec.net\/#\/schema\/logo\/image\/\",\"url\":\"https:\/\/porktec.net\/wp-content\/uploads\/2020\/12\/Porktec_Logo-2020_PNG-2.png\",\"contentUrl\":\"https:\/\/porktec.net\/wp-content\/uploads\/2020\/12\/Porktec_Logo-2020_PNG-2.png\",\"width\":195,\"height\":65,\"caption\":\"Porktec\"},\"image\":{\"@id\":\"https:\/\/porktec.net\/#\/schema\/logo\/image\/\"}}]}<\/script>\n<!-- \/ Yoast SEO plugin. -->","yoast_head_json":{"title":"Carri\u00e8re - Porktec","description":"L\u2019\u00e9l\u00e9ment cl\u00e9 du succ\u00e8s de PORKTEC est une \u00e9quipe hautement motiv\u00e9e, des personnes talentueuses et innovantes.","robots":{"index":"index","follow":"follow","max-snippet":"max-snippet:-1","max-image-preview":"max-image-preview:large","max-video-preview":"max-video-preview:-1"},"canonical":"https:\/\/porktec.net\/fr\/carriere\/","og_locale":"fr_FR","og_type":"article","og_title":"Carri\u00e8re - Porktec","og_description":"L\u2019\u00e9l\u00e9ment cl\u00e9 du succ\u00e8s de PORKTEC est une \u00e9quipe hautement motiv\u00e9e, des personnes talentueuses et innovantes.","og_url":"https:\/\/porktec.net\/fr\/carriere\/","og_site_name":"Porktec","article_modified_time":"2024-09-18T10:19:35+00:00","twitter_card":"summary_large_image","twitter_misc":{"Dur\u00e9e de lecture estim\u00e9e":"1 minute"},"schema":{"@context":"https:\/\/schema.org","@graph":[{"@type":"WebPage","@id":"https:\/\/porktec.net\/fr\/carriere\/","url":"https:\/\/porktec.net\/fr\/carriere\/","name":"Carri\u00e8re - Porktec","isPartOf":{"@id":"https:\/\/porktec.net\/#website"},"datePublished":"2021-02-23T10:50:31+00:00","dateModified":"2024-09-18T10:19:35+00:00","description":"L\u2019\u00e9l\u00e9ment cl\u00e9 du succ\u00e8s de PORKTEC est une \u00e9quipe hautement motiv\u00e9e, des personnes talentueuses et innovantes.","breadcrumb":{"@id":"https:\/\/porktec.net\/fr\/carriere\/#breadcrumb"},"inLanguage":"fr-FR","potentialAction":[{"@type":"ReadAction","target":["https:\/\/porktec.net\/fr\/carriere\/"]}]},{"@type":"BreadcrumbList","@id":"https:\/\/porktec.net\/fr\/carriere\/#breadcrumb","itemListElement":[{"@type":"ListItem","position":1,"name":"Home","item":"https:\/\/porktec.net\/fr\/"},{"@type":"ListItem","position":2,"name":"Carri\u00e8re"}]},{"@type":"WebSite","@id":"https:\/\/porktec.net\/#website","url":"https:\/\/porktec.net\/","name":"Porktec","description":"The Pig Technology","publisher":{"@id":"https:\/\/porktec.net\/#organization"},"potentialAction":[{"@type":"SearchAction","target":{"@type":"EntryPoint","urlTemplate":"https:\/\/porktec.net\/?s={search_term_string}"},"query-input":{"@type":"PropertyValueSpecification","valueRequired":true,"valueName":"search_term_string"}}],"inLanguage":"fr-FR"},{"@type":"Organization","@id":"https:\/\/porktec.net\/#organization","name":"Porktec","url":"https:\/\/porktec.net\/","logo":{"@type":"ImageObject","inLanguage":"fr-FR","@id":"https:\/\/porktec.net\/#\/schema\/logo\/image\/","url":"https:\/\/porktec.net\/wp-content\/uploads\/2020\/12\/Porktec_Logo-2020_PNG-2.png","contentUrl":"https:\/\/porktec.net\/wp-content\/uploads\/2020\/12\/Porktec_Logo-2020_PNG-2.png","width":195,"height":65,"caption":"Porktec"},"image":{"@id":"https:\/\/porktec.net\/#\/schema\/logo\/image\/"}}]}},"_links":{"self":[{"href":"https:\/\/porktec.net\/fr\/wp-json\/wp\/v2\/pages\/2483"}],"collection":[{"href":"https:\/\/porktec.net\/fr\/wp-json\/wp\/v2\/pages"}],"about":[{"href":"https:\/\/porktec.net\/fr\/wp-json\/wp\/v2\/types\/page"}],"author":[{"embeddable":true,"href":"https:\/\/porktec.net\/fr\/wp-json\/wp\/v2\/users\/34"}],"replies":[{"embeddable":true,"href":"https:\/\/porktec.net\/fr\/wp-json\/wp\/v2\/comments?post=2483"}],"version-history":[{"count":32,"href":"https:\/\/porktec.net\/fr\/wp-json\/wp\/v2\/pages\/2483\/revisions"}],"predecessor-version":[{"id":6091,"href":"https:\/\/porktec.net\/fr\/wp-json\/wp\/v2\/pages\/2483\/revisions\/6091"}],"wp:attachment":[{"href":"https:\/\/porktec.net\/fr\/wp-json\/wp\/v2\/media?parent=2483"}],"curies":[{"name":"wp","href":"https:\/\/api.w.org\/{rel}","templated":true}]}}