{"id":3101,"date":"2021-03-15T11:08:10","date_gmt":"2021-03-15T11:08:10","guid":{"rendered":"http:\/\/demowp.idm.net.lb\/porktec\/?page_id=3101"},"modified":"2024-09-18T10:24:39","modified_gmt":"2024-09-18T10:24:39","slug":"cariera","status":"publish","type":"page","link":"https:\/\/porktec.net\/ro\/cariera\/","title":{"rendered":"Carier\u0103"},"content":{"rendered":"\t\t<div data-elementor-type=\"wp-page\" data-elementor-id=\"3101\" class=\"elementor elementor-3101\">\n\t\t\t\t\t\t<section class=\"elementor-section elementor-top-section elementor-element elementor-element-b80edf4 elementor-section-boxed elementor-section-height-default elementor-section-height-default\" data-id=\"b80edf4\" data-element_type=\"section\" data-settings=\"{&quot;background_background&quot;:&quot;classic&quot;}\">\n\t\t\t\t\t\t\t<div class=\"elementor-background-overlay\"><\/div>\n\t\t\t\t\t\t\t<div class=\"elementor-container elementor-column-gap-default\">\n\t\t\t\t\t<div class=\"elementor-column elementor-col-100 elementor-top-column elementor-element elementor-element-8a23a56\" data-id=\"8a23a56\" data-element_type=\"column\">\n\t\t\t<div class=\"elementor-widget-wrap elementor-element-populated\">\n\t\t\t\t\t\t\t<\/div>\n\t\t<\/div>\n\t\t\t\t\t<\/div>\n\t\t<\/section>\n\t\t\t\t<section class=\"elementor-section elementor-top-section elementor-element elementor-element-ef35b30 elementor-section-full_width elementor-section-height-default elementor-section-height-default\" data-id=\"ef35b30\" data-element_type=\"section\" data-settings=\"{&quot;background_background&quot;:&quot;classic&quot;}\">\n\t\t\t\t\t\t\t<div class=\"elementor-background-overlay\"><\/div>\n\t\t\t\t\t\t\t<div class=\"elementor-container elementor-column-gap-default\">\n\t\t\t\t\t<div class=\"elementor-column elementor-col-100 elementor-top-column elementor-element elementor-element-ad098dc\" data-id=\"ad098dc\" data-element_type=\"column\">\n\t\t\t<div class=\"elementor-widget-wrap elementor-element-populated\">\n\t\t\t\t\t\t<section class=\"elementor-section elementor-inner-section elementor-element elementor-element-d9544f3 elementor-section-boxed elementor-section-height-default elementor-section-height-default\" data-id=\"d9544f3\" data-element_type=\"section\">\n\t\t\t\t\t\t<div class=\"elementor-container elementor-column-gap-default\">\n\t\t\t\t\t<div class=\"elementor-column elementor-col-33 elementor-inner-column elementor-element elementor-element-874afde\" data-id=\"874afde\" data-element_type=\"column\">\n\t\t\t<div class=\"elementor-widget-wrap elementor-element-populated\">\n\t\t\t\t\t\t<div class=\"elementor-element elementor-element-63319f6 elementor-widget elementor-widget-heading\" data-id=\"63319f6\" data-element_type=\"widget\" data-widget_type=\"heading.default\">\n\t\t\t\t<div class=\"elementor-widget-container\">\n\t\t\t<h1 class=\"elementor-heading-title elementor-size-default\">Alaturati-va noua<\/h1>\t\t<\/div>\n\t\t\t\t<\/div>\n\t\t\t\t\t<\/div>\n\t\t<\/div>\n\t\t\t\t<div class=\"elementor-column elementor-col-66 elementor-inner-column elementor-element elementor-element-553b52c\" data-id=\"553b52c\" data-element_type=\"column\">\n\t\t\t<div class=\"elementor-widget-wrap elementor-element-populated\">\n\t\t\t\t\t\t<div class=\"elementor-element elementor-element-56e0ccc elementor-widget elementor-widget-text-editor\" data-id=\"56e0ccc\" data-element_type=\"widget\" data-widget_type=\"text-editor.default\">\n\t\t\t\t<div class=\"elementor-widget-container\">\n\t\t\t\t\t\t\t<p>Componenta important\u0103 de succes \u00een PORKTEC este echipa extrem de motivat\u0103, talentat\u0103 \u0219i inovatoare oameni.<\/p><p>\u00centruc\u00e2t suntem \u00eentr-o continu\u0103 cre\u0219tere, c\u0103ut\u0103m \u00eentotdeauna oameni care \u00eemp\u0103rt\u0103\u0219esc pasiunea \u0219i succesul nostru planuri orientate pentru viitor.<\/p><p>\u00cen PORKTEC, ve\u021bi avea oportunit\u0103\u021bi de \u00eenv\u0103\u021bare, mediu de lucru \u0219i cre\u0219tere profesional\u0103. Angaja\u021bii mul\u021bumi\u021bi sunt cheia colabor\u0103rii pe termen lung, a rela\u021biilor str\u00e2nse cu clien\u021bii \u0219i a unei companii de succes.<\/p>\t\t\t\t\t\t<\/div>\n\t\t\t\t<\/div>\n\t\t\t\t\t<\/div>\n\t\t<\/div>\n\t\t\t\t\t<\/div>\n\t\t<\/section>\n\t\t\t\t\t<\/div>\n\t\t<\/div>\n\t\t\t\t\t<\/div>\n\t\t<\/section>\n\t\t\t\t<section class=\"elementor-section elementor-top-section elementor-element elementor-element-39ced5a elementor-section-boxed elementor-section-height-default elementor-section-height-default\" data-id=\"39ced5a\" data-element_type=\"section\" data-settings=\"{&quot;background_background&quot;:&quot;classic&quot;}\">\n\t\t\t\t\t\t\t<div class=\"elementor-background-overlay\"><\/div>\n\t\t\t\t\t\t\t<div class=\"elementor-container elementor-column-gap-default\">\n\t\t\t\t\t<div class=\"elementor-column elementor-col-100 elementor-top-column elementor-element elementor-element-0b857dc\" data-id=\"0b857dc\" data-element_type=\"column\">\n\t\t\t<div class=\"elementor-widget-wrap elementor-element-populated\">\n\t\t\t\t\t\t<section class=\"elementor-section elementor-inner-section elementor-element elementor-element-9ee0f1a elementor-section-boxed elementor-section-height-default elementor-section-height-default\" data-id=\"9ee0f1a\" data-element_type=\"section\">\n\t\t\t\t\t\t<div class=\"elementor-container elementor-column-gap-default\">\n\t\t\t\t\t<div class=\"elementor-column elementor-col-50 elementor-inner-column elementor-element elementor-element-fce8c24\" data-id=\"fce8c24\" data-element_type=\"column\" data-settings=\"{&quot;background_background&quot;:&quot;classic&quot;}\">\n\t\t\t<div class=\"elementor-widget-wrap elementor-element-populated\">\n\t\t\t\t\t\t<div class=\"elementor-element elementor-element-10249ae elementor-widget elementor-widget-heading\" data-id=\"10249ae\" data-element_type=\"widget\" data-widget_type=\"heading.default\">\n\t\t\t\t<div class=\"elementor-widget-container\">\n\t\t\t<h3 class=\"elementor-heading-title elementor-size-default\">\u00eenc\u0103rca\u021bi CV-ul<\/h3>\t\t<\/div>\n\t\t\t\t<\/div>\n\t\t\t\t<div class=\"elementor-element elementor-element-fc0bc36 elementor-button-align-stretch elementor-widget elementor-widget-form\" data-id=\"fc0bc36\" data-element_type=\"widget\" data-settings=\"{&quot;step_next_label&quot;:&quot;Next&quot;,&quot;step_previous_label&quot;:&quot;Previous&quot;,&quot;button_width&quot;:&quot;100&quot;,&quot;step_type&quot;:&quot;number_text&quot;,&quot;step_icon_shape&quot;:&quot;circle&quot;}\" data-widget_type=\"form.default\">\n\t\t\t\t<div class=\"elementor-widget-container\">\n\t\t\t\t\t<form class=\"elementor-form\" method=\"post\" id=\"career\" name=\"New Form\">\n\t\t\t<input type=\"hidden\" name=\"post_id\" value=\"3101\"\/>\n\t\t\t<input type=\"hidden\" name=\"form_id\" value=\"fc0bc36\"\/>\n\t\t\t<input type=\"hidden\" name=\"referer_title\" value=\"Porktec\" \/>\n\n\t\t\t\n\t\t\t<div class=\"elementor-form-fields-wrapper elementor-labels-\">\n\t\t\t\t\t\t\t\t<div class=\"elementor-field-type-text elementor-field-group elementor-column elementor-field-group-name elementor-col-50\">\n\t\t\t\t\t\t\t\t\t\t\t\t<label for=\"form-field-name\" class=\"elementor-field-label elementor-screen-only\">\n\t\t\t\t\t\t\t\tNume complet\t\t\t\t\t\t\t<\/label>\n\t\t\t\t\t\t\t\t\t\t\t\t\t\t<input size=\"1\" type=\"text\" name=\"form_fields[name]\" id=\"form-field-name\" class=\"elementor-field elementor-size-md  elementor-field-textual\" placeholder=\"Nume complet\">\n\t\t\t\t\t\t\t\t\t\t\t<\/div>\n\t\t\t\t\t\t\t\t<div class=\"elementor-field-type-email elementor-field-group elementor-column elementor-field-group-email elementor-col-50 elementor-field-required\">\n\t\t\t\t\t\t\t\t\t\t\t\t<label for=\"form-field-email\" class=\"elementor-field-label elementor-screen-only\">\n\t\t\t\t\t\t\t\tAdresa de email\t\t\t\t\t\t\t<\/label>\n\t\t\t\t\t\t\t\t\t\t\t\t\t\t<input size=\"1\" type=\"email\" name=\"form_fields[email]\" id=\"form-field-email\" class=\"elementor-field elementor-size-md  elementor-field-textual\" placeholder=\"Adresa de email\" required=\"required\" aria-required=\"true\">\n\t\t\t\t\t\t\t\t\t\t\t<\/div>\n\t\t\t\t\t\t\t\t<div class=\"elementor-field-type-textarea elementor-field-group elementor-column elementor-field-group-message elementor-col-100\">\n\t\t\t\t\t\t\t\t\t\t\t\t<label for=\"form-field-message\" class=\"elementor-field-label elementor-screen-only\">\n\t\t\t\t\t\t\t\tMesaj\t\t\t\t\t\t\t<\/label>\n\t\t\t\t\t\t<textarea class=\"elementor-field-textual elementor-field  elementor-size-md\" name=\"form_fields[message]\" id=\"form-field-message\" rows=\"7\" placeholder=\"Mesaj\"><\/textarea>\t\t\t\t<\/div>\n\t\t\t\t\t\t\t\t<div class=\"elementor-field-type-upload elementor-field-group elementor-column elementor-field-group-field_7493e56 elementor-col-100 elementor-field-required\">\n\t\t\t\t\t\t\t\t\t\t\t\t<label for=\"form-field-field_7493e56\" class=\"elementor-field-label elementor-screen-only\">\n\t\t\t\t\t\t\t\tImportant: docx & PDF formats are allowed\t\t\t\t\t\t\t<\/label>\n\t\t\t\t\t\t\t\t<input type=\"file\" name=\"form_fields[field_7493e56]\" id=\"form-field-field_7493e56\" class=\"elementor-field elementor-size-md  elementor-upload-field\" required=\"required\" aria-required=\"true\" data-maxsize=\"1\" data-maxsize-message=\"This file exceeds the maximum allowed size.\">\n\n\t\t\t\t\t\t<\/div>\n\t\t\t\t\t\t\t\t<div class=\"elementor-field-group elementor-column elementor-field-type-submit elementor-col-100 e-form__buttons\">\n\t\t\t\t\t<button type=\"submit\" class=\"elementor-button elementor-size-md\">\n\t\t\t\t\t\t<span >\n\t\t\t\t\t\t\t\t\t\t\t\t\t\t\t<span class=\" elementor-button-icon\">\n\t\t\t\t\t\t\t\t\t\t\t\t\t\t\t\t\t\t\t\t\t\t\t\t\t\t<\/span>\n\t\t\t\t\t\t\t\t\t\t\t\t\t\t\t\t\t\t\t\t\t\t<span class=\"elementor-button-text\">Trimite<\/span>\n\t\t\t\t\t\t\t\t\t\t\t\t\t<\/span>\n\t\t\t\t\t<\/button>\n\t\t\t\t<\/div>\n\t\t\t<\/div>\n\t\t<\/form>\n\t\t\t\t<\/div>\n\t\t\t\t<\/div>\n\t\t\t\t\t<\/div>\n\t\t<\/div>\n\t\t\t\t<div class=\"elementor-column elementor-col-50 elementor-inner-column elementor-element elementor-element-ee9b4e9\" data-id=\"ee9b4e9\" data-element_type=\"column\" data-settings=\"{&quot;background_background&quot;:&quot;classic&quot;}\">\n\t\t\t<div class=\"elementor-widget-wrap elementor-element-populated\">\n\t\t\t\t\t\t<div class=\"elementor-element elementor-element-4363c78 elementor-widget elementor-widget-spacer\" data-id=\"4363c78\" data-element_type=\"widget\" data-widget_type=\"spacer.default\">\n\t\t\t\t<div class=\"elementor-widget-container\">\n\t\t\t\t\t<div class=\"elementor-spacer\">\n\t\t\t<div class=\"elementor-spacer-inner\"><\/div>\n\t\t<\/div>\n\t\t\t\t<\/div>\n\t\t\t\t<\/div>\n\t\t\t\t\t<\/div>\n\t\t<\/div>\n\t\t\t\t\t<\/div>\n\t\t<\/section>\n\t\t\t\t\t<\/div>\n\t\t<\/div>\n\t\t\t\t\t<\/div>\n\t\t<\/section>\n\t\t\t\t<\/div>\n\t\t","protected":false},"excerpt":{"rendered":"<p>Alaturati-va noua Componenta important\u0103 de succes \u00een PORKTEC este echipa extrem de motivat\u0103, talentat\u0103 \u0219i inovatoare oameni. \u00centruc\u00e2t suntem \u00eentr-o continu\u0103 cre\u0219tere, c\u0103ut\u0103m \u00eentotdeauna oameni care \u00eemp\u0103rt\u0103\u0219esc pasiunea \u0219i succesul nostru planuri orientate pentru viitor. \u00cen PORKTEC, ve\u021bi avea oportunit\u0103\u021bi de \u00eenv\u0103\u021bare, mediu de lucru \u0219i cre\u0219tere profesional\u0103. Angaja\u021bii mul\u021bumi\u021bi sunt cheia colabor\u0103rii pe termen [&hellip;]<\/p>\n","protected":false},"author":34,"featured_media":0,"parent":0,"menu_order":0,"comment_status":"closed","ping_status":"closed","template":"","meta":{"site-sidebar-layout":"no-sidebar","site-content-layout":"page-builder","ast-site-content-layout":"","site-content-style":"default","site-sidebar-style":"default","ast-global-header-display":"","ast-banner-title-visibility":"","ast-main-header-display":"","ast-hfb-above-header-display":"","ast-hfb-below-header-display":"","ast-hfb-mobile-header-display":"","site-post-title":"disabled","ast-breadcrumbs-content":"","ast-featured-img":"disabled","footer-sml-layout":"","theme-transparent-header-meta":"default","adv-header-id-meta":"","stick-header-meta":"","header-above-stick-meta":"","header-main-stick-meta":"","header-below-stick-meta":"","astra-migrate-meta-layouts":"default","ast-page-background-enabled":"default","ast-page-background-meta":{"desktop":{"background-color":"","background-image":"","background-repeat":"repeat","background-position":"center center","background-size":"auto","background-attachment":"scroll","background-type":"","background-media":"","overlay-type":"","overlay-color":"","overlay-opacity":"","overlay-gradient":""},"tablet":{"background-color":"","background-image":"","background-repeat":"repeat","background-position":"center center","background-size":"auto","background-attachment":"scroll","background-type":"","background-media":"","overlay-type":"","overlay-color":"","overlay-opacity":"","overlay-gradient":""},"mobile":{"background-color":"","background-image":"","background-repeat":"repeat","background-position":"center center","background-size":"auto","background-attachment":"scroll","background-type":"","background-media":"","overlay-type":"","overlay-color":"","overlay-opacity":"","overlay-gradient":""}},"ast-content-background-meta":{"desktop":{"background-color":"var(--ast-global-color-5)","background-image":"","background-repeat":"repeat","background-position":"center center","background-size":"auto","background-attachment":"scroll","background-type":"","background-media":"","overlay-type":"","overlay-color":"","overlay-opacity":"","overlay-gradient":""},"tablet":{"background-color":"var(--ast-global-color-5)","background-image":"","background-repeat":"repeat","background-position":"center center","background-size":"auto","background-attachment":"scroll","background-type":"","background-media":"","overlay-type":"","overlay-color":"","overlay-opacity":"","overlay-gradient":""},"mobile":{"background-color":"var(--ast-global-color-5)","background-image":"","background-repeat":"repeat","background-position":"center center","background-size":"auto","background-attachment":"scroll","background-type":"","background-media":"","overlay-type":"","overlay-color":"","overlay-opacity":"","overlay-gradient":""}},"footnotes":""},"class_list":["post-3101","page","type-page","status-publish","hentry"],"yoast_head":"<!-- This site is optimized with the Yoast SEO plugin v23.4 - https:\/\/yoast.com\/wordpress\/plugins\/seo\/ -->\n<title>Carier\u0103 - Porktec<\/title>\n<meta name=\"description\" content=\"Componenta important\u0103 de succes \u00een PORKTEC este echipa extrem de motivat\u0103, talentat\u0103 \u0219i inovatoare oameni.\" \/>\n<meta name=\"robots\" content=\"index, follow, max-snippet:-1, max-image-preview:large, max-video-preview:-1\" \/>\n<link rel=\"canonical\" href=\"https:\/\/porktec.net\/ro\/carriere\/\" \/>\n<meta property=\"og:locale\" content=\"ro_RO\" \/>\n<meta property=\"og:type\" content=\"article\" \/>\n<meta property=\"og:title\" content=\"Carier\u0103 - Porktec\" \/>\n<meta property=\"og:description\" content=\"Componenta important\u0103 de succes \u00een PORKTEC este echipa extrem de motivat\u0103, talentat\u0103 \u0219i inovatoare oameni.\" \/>\n<meta property=\"og:url\" content=\"https:\/\/porktec.net\/fr\/carriere\/\" \/>\n<meta property=\"og:site_name\" content=\"Porktec\" \/>\n<meta property=\"article:modified_time\" content=\"2024-09-18T10:24:39+00:00\" \/>\n<meta name=\"twitter:card\" content=\"summary_large_image\" \/>\n<meta name=\"twitter:label1\" content=\"Timp estimat pentru citire\" \/>\n\t<meta name=\"twitter:data1\" content=\"1 minut\" \/>\n<script type=\"application\/ld+json\" class=\"yoast-schema-graph\">{\"@context\":\"https:\/\/schema.org\",\"@graph\":[{\"@type\":\"WebPage\",\"@id\":\"https:\/\/porktec.net\/fr\/carriere\/\",\"url\":\"https:\/\/porktec.net\/fr\/carriere\/\",\"name\":\"Carier\u0103 - Porktec\",\"isPartOf\":{\"@id\":\"https:\/\/porktec.net\/#website\"},\"datePublished\":\"2021-03-15T11:08:10+00:00\",\"dateModified\":\"2024-09-18T10:24:39+00:00\",\"description\":\"Componenta important\u0103 de succes \u00een PORKTEC este echipa extrem de motivat\u0103, talentat\u0103 \u0219i inovatoare oameni.\",\"breadcrumb\":{\"@id\":\"https:\/\/porktec.net\/fr\/carriere\/#breadcrumb\"},\"inLanguage\":\"ro-RO\",\"potentialAction\":[{\"@type\":\"ReadAction\",\"target\":[\"https:\/\/porktec.net\/fr\/carriere\/\"]}]},{\"@type\":\"BreadcrumbList\",\"@id\":\"https:\/\/porktec.net\/fr\/carriere\/#breadcrumb\",\"itemListElement\":[{\"@type\":\"ListItem\",\"position\":1,\"name\":\"Home\",\"item\":\"https:\/\/porktec.net\/\"},{\"@type\":\"ListItem\",\"position\":2,\"name\":\"Carier\u0103\"}]},{\"@type\":\"WebSite\",\"@id\":\"https:\/\/porktec.net\/#website\",\"url\":\"https:\/\/porktec.net\/\",\"name\":\"Porktec\",\"description\":\"The Pig Technology\",\"publisher\":{\"@id\":\"https:\/\/porktec.net\/#organization\"},\"potentialAction\":[{\"@type\":\"SearchAction\",\"target\":{\"@type\":\"EntryPoint\",\"urlTemplate\":\"https:\/\/porktec.net\/?s={search_term_string}\"},\"query-input\":{\"@type\":\"PropertyValueSpecification\",\"valueRequired\":true,\"valueName\":\"search_term_string\"}}],\"inLanguage\":\"ro-RO\"},{\"@type\":\"Organization\",\"@id\":\"https:\/\/porktec.net\/#organization\",\"name\":\"Porktec\",\"url\":\"https:\/\/porktec.net\/\",\"logo\":{\"@type\":\"ImageObject\",\"inLanguage\":\"ro-RO\",\"@id\":\"https:\/\/porktec.net\/#\/schema\/logo\/image\/\",\"url\":\"https:\/\/porktec.net\/wp-content\/uploads\/2020\/12\/Porktec_Logo-2020_PNG-2.png\",\"contentUrl\":\"https:\/\/porktec.net\/wp-content\/uploads\/2020\/12\/Porktec_Logo-2020_PNG-2.png\",\"width\":195,\"height\":65,\"caption\":\"Porktec\"},\"image\":{\"@id\":\"https:\/\/porktec.net\/#\/schema\/logo\/image\/\"}}]}<\/script>\n<!-- \/ Yoast SEO plugin. -->","yoast_head_json":{"title":"Carier\u0103 - Porktec","description":"Componenta important\u0103 de succes \u00een PORKTEC este echipa extrem de motivat\u0103, talentat\u0103 \u0219i inovatoare oameni.","robots":{"index":"index","follow":"follow","max-snippet":"max-snippet:-1","max-image-preview":"max-image-preview:large","max-video-preview":"max-video-preview:-1"},"canonical":"https:\/\/porktec.net\/ro\/carriere\/","og_locale":"ro_RO","og_type":"article","og_title":"Carier\u0103 - Porktec","og_description":"Componenta important\u0103 de succes \u00een PORKTEC este echipa extrem de motivat\u0103, talentat\u0103 \u0219i inovatoare oameni.","og_url":"https:\/\/porktec.net\/fr\/carriere\/","og_site_name":"Porktec","article_modified_time":"2024-09-18T10:24:39+00:00","twitter_card":"summary_large_image","twitter_misc":{"Timp estimat pentru citire":"1 minut"},"schema":{"@context":"https:\/\/schema.org","@graph":[{"@type":"WebPage","@id":"https:\/\/porktec.net\/fr\/carriere\/","url":"https:\/\/porktec.net\/fr\/carriere\/","name":"Carier\u0103 - Porktec","isPartOf":{"@id":"https:\/\/porktec.net\/#website"},"datePublished":"2021-03-15T11:08:10+00:00","dateModified":"2024-09-18T10:24:39+00:00","description":"Componenta important\u0103 de succes \u00een PORKTEC este echipa extrem de motivat\u0103, talentat\u0103 \u0219i inovatoare oameni.","breadcrumb":{"@id":"https:\/\/porktec.net\/fr\/carriere\/#breadcrumb"},"inLanguage":"ro-RO","potentialAction":[{"@type":"ReadAction","target":["https:\/\/porktec.net\/fr\/carriere\/"]}]},{"@type":"BreadcrumbList","@id":"https:\/\/porktec.net\/fr\/carriere\/#breadcrumb","itemListElement":[{"@type":"ListItem","position":1,"name":"Home","item":"https:\/\/porktec.net\/"},{"@type":"ListItem","position":2,"name":"Carier\u0103"}]},{"@type":"WebSite","@id":"https:\/\/porktec.net\/#website","url":"https:\/\/porktec.net\/","name":"Porktec","description":"The Pig Technology","publisher":{"@id":"https:\/\/porktec.net\/#organization"},"potentialAction":[{"@type":"SearchAction","target":{"@type":"EntryPoint","urlTemplate":"https:\/\/porktec.net\/?s={search_term_string}"},"query-input":{"@type":"PropertyValueSpecification","valueRequired":true,"valueName":"search_term_string"}}],"inLanguage":"ro-RO"},{"@type":"Organization","@id":"https:\/\/porktec.net\/#organization","name":"Porktec","url":"https:\/\/porktec.net\/","logo":{"@type":"ImageObject","inLanguage":"ro-RO","@id":"https:\/\/porktec.net\/#\/schema\/logo\/image\/","url":"https:\/\/porktec.net\/wp-content\/uploads\/2020\/12\/Porktec_Logo-2020_PNG-2.png","contentUrl":"https:\/\/porktec.net\/wp-content\/uploads\/2020\/12\/Porktec_Logo-2020_PNG-2.png","width":195,"height":65,"caption":"Porktec"},"image":{"@id":"https:\/\/porktec.net\/#\/schema\/logo\/image\/"}}]}},"_links":{"self":[{"href":"https:\/\/porktec.net\/ro\/wp-json\/wp\/v2\/pages\/3101"}],"collection":[{"href":"https:\/\/porktec.net\/ro\/wp-json\/wp\/v2\/pages"}],"about":[{"href":"https:\/\/porktec.net\/ro\/wp-json\/wp\/v2\/types\/page"}],"author":[{"embeddable":true,"href":"https:\/\/porktec.net\/ro\/wp-json\/wp\/v2\/users\/34"}],"replies":[{"embeddable":true,"href":"https:\/\/porktec.net\/ro\/wp-json\/wp\/v2\/comments?post=3101"}],"version-history":[{"count":41,"href":"https:\/\/porktec.net\/ro\/wp-json\/wp\/v2\/pages\/3101\/revisions"}],"predecessor-version":[{"id":6097,"href":"https:\/\/porktec.net\/ro\/wp-json\/wp\/v2\/pages\/3101\/revisions\/6097"}],"wp:attachment":[{"href":"https:\/\/porktec.net\/ro\/wp-json\/wp\/v2\/media?parent=3101"}],"curies":[{"name":"wp","href":"https:\/\/api.w.org\/{rel}","templated":true}]}}